{"id":54889,"date":"2025-06-01T14:19:09","date_gmt":"2025-06-01T12:19:09","guid":{"rendered":"https:\/\/hawkobs.space\/?page_id=54889"},"modified":"2025-06-30T22:35:19","modified_gmt":"2025-06-30T20:35:19","slug":"location","status":"publish","type":"page","link":"https:\/\/hawkobs.space\/en\/location\/","title":{"rendered":"Rental"},"content":{"rendered":"<div data-elementor-type=\"wp-page\" data-elementor-id=\"54889\" class=\"elementor elementor-54889\" data-elementor-post-type=\"page\">\n\t\t\t\t\t\t<section class=\"elementor-section elementor-top-section elementor-element elementor-element-52d8f2a elementor-section-boxed elementor-section-height-default elementor-section-height-default sc_fly_static\" data-id=\"52d8f2a\" data-element_type=\"section\">\n\t\t\t\t\t\t<div class=\"elementor-container elementor-column-gap-extended\">\n\t\t\t\t\t<div class=\"elementor-column elementor-col-100 elementor-top-column elementor-element elementor-element-e6bb949 sc_content_align_inherit sc_layouts_column_icons_position_left sc_fly_static\" data-id=\"e6bb949\" data-element_type=\"column\">\n\t\t\t<div class=\"elementor-widget-wrap\">\n\t\t\t\t\t\t\t<\/div>\n\t\t<\/div>\n\t\t\t\t\t<\/div>\n\t\t<\/section>\n\t\t\t\t<section class=\"elementor-section elementor-top-section elementor-element elementor-element-6a123a9 elementor-section-boxed elementor-section-height-default elementor-section-height-default sc_fly_static\" data-id=\"6a123a9\" data-element_type=\"section\">\n\t\t\t\t\t\t<div class=\"elementor-container elementor-column-gap-extended\">\n\t\t\t\t\t<div class=\"elementor-column elementor-col-100 elementor-top-column elementor-element elementor-element-ae03593 sc_content_align_inherit sc_layouts_column_icons_position_left sc_fly_static\" data-id=\"ae03593\" data-element_type=\"column\">\n\t\t\t<div class=\"elementor-widget-wrap elementor-element-populated\">\n\t\t\t\t\t\t<div class=\"elementor-element elementor-element-cb9b3c1 sc_fly_static elementor-widget elementor-widget-heading\" data-id=\"cb9b3c1\" data-element_type=\"widget\" data-widget_type=\"heading.default\">\n\t\t\t\t<div class=\"elementor-widget-container\">\n\t\t\t\t\t<h3 class=\"elementor-heading-title elementor-size-default\">RENTAL<\/h3>\t\t\t\t<\/div>\n\t\t\t\t<\/div>\n\t\t\t\t<div class=\"elementor-element elementor-element-f807693 sc_fly_static elementor-widget elementor-widget-spacer\" data-id=\"f807693\" data-element_type=\"widget\" data-widget_type=\"spacer.default\">\n\t\t\t\t<div class=\"elementor-widget-container\">\n\t\t\t\t\t\t\t<div class=\"elementor-spacer\">\n\t\t\t<div class=\"elementor-spacer-inner\"><\/div>\n\t\t<\/div>\n\t\t\t\t\t\t<\/div>\n\t\t\t\t<\/div>\n\t\t\t\t<div class=\"elementor-element elementor-element-f1eb978 sc_fly_static elementor-widget elementor-widget-text-editor\" data-id=\"f1eb978\" data-element_type=\"widget\" data-widget_type=\"text-editor.default\">\n\t\t\t\t<div class=\"elementor-widget-container\">\n\t\t\t\t\t\t\t\t\t<p>Looking for a high-quality location to install your telescope under ideal sky conditions?\nWe offer a dedicated telescope pier for rent, located at the renowned Ouka\u00efmeden Observatory, 2785 meters above sea level in the Moroccan High Atlas mountains.\nThe rental of piers for the installation of telescopes or astronomical instruments offers an ideal solution for astronomy enthusiasts and professionals seeking a stable and elevated platform for high-quality astronomical observations.\n\n\n Pier Specifications:\n\u2022\tHeight: 1.1 meters (adjustable) - ideal for medium and large telescopes up to 300mm in diameter or scope 130mm in diameter.\n\u2022\tPrecise positioning on a stable platform\n\u2022\tLocated in an internationally recognized astronomical site\n\n*Services included :\n\u2022\t\u2705 Stabilized and filtered electricity (10KVA).\n\u2022\t\u2705 Fiber optic internet (100 Mbps)\n\u2022\t\u2705 Vehicle access\n\u2022\t\u2705 24\/7 site security and surveillance\n\u2022\t\u2705 Technical room available for equipment and instrument maintenance.\n\u2022\t\u2705 On-site accommodation available during setup installation.\n\nSite Benefits: \n\u2022\tClear dark skies with very low light pollution (SQM 22,1)\n\u2022\tHigh-altitude, Ideal altitude for scientific quality astronomical observation.\n\u2022\tAir mass of 0.65% at the zenith.\n\u2022\tPresence of other scientific installations (potential collaborations)\n\u2022\tProfessional infrastructures adapted to scientific research or advanced amateur astronomy. \n\nFlexible Rental Options: \n\u2022\tShort-term or long-term rental available\n\u2022\tPersonalized packages according to your technical and logistical needs.\nBook your spot now!\nFor details, visits or custom quotes:\n\ud83d\udce7 Email: contact@hawkobs.space<br \/>We offer dedicated pylons for rent to house your astronomical equipment, located in the heart of the Ouka\u00efmeden Observatory, at an altitude of 2785m in the Moroccan High Atlas.<br \/>Renting towers for the installation of telescopes or astronomical telescopes offers an ideal solution for astronomy enthusiasts and professionals looking for a stable platform at altitude for quality astronomical observations.<\/p><p><span style=\"color: #ffffff; font-size: 1.2rem;\"><strong>Characteristics of the pylons:<\/strong><\/span><br \/>\u2022 Height: 1.1 meters (adjustable) \u2013 ideal for medium and large telescopes up to 300mm diameter or 130mm diameter refractor.<br \/>\u2022 Precise positioning on stabilized slab<br \/>\u2022 Internationally recognized reference astronomical environment<\/p><p><span style=\"color: #ffffff; font-size: 1.2rem;\"><strong>Services included:<\/strong><\/span><br \/>\u2022 \u2705 Stabilized and undulating electricity (10 KVA).<br \/>\u2022 \u2705 Fiber optic connection (100 Mbps).<br \/>\u2022 \u2705 Vehicle access.<br \/>\u2022 \u2705 Secure site monitored 24\/7<br \/>\u2022 \u2705 Technical room available for the maintenance of equipment and instruments.<br \/>\u2022 \u2705 Accommodation available on site during setup installation.<\/p><p><span style=\"color: #ffffff; font-size: 1.2rem;\"><strong>Advantages of the site:<\/strong><\/span><br \/>\u2022 Clear, clear sky, very low light pollution (SQM 22.1)<br \/>\u2022 Ideal altitude for scientific-quality astronomical observation<br \/>\u2022 Airmass of 0.65 % at the zenith.<br \/>\u2022 Presence of other scientific observatories: TRAPPIST-Nord, MOSS, OWL<br \/>\u2022 Professional infrastructure adapted to scientific research or advanced amateur astronomy.<\/p><p><span style=\"color: #ffffff; font-size: 1.2rem;\"><strong>Flexible formulas:<\/strong><\/span><br \/>\u2022 Short or long term rental<br \/>\u2022 Customized packages according to your technical and logistical needs<\/p><p>Reserve your pitch today!<br \/>For more information, visits or personalized quotes:\u00a0<a style=\"color: #72cfd5;\" href=\"mailto:contact@hawkobs.space\" target=\"_blank\" rel=\"noopener\">contact@hawkobs.space<\/a><\/p>\t\t\t\t\t\t\t\t<\/div>\n\t\t\t\t<\/div>\n\t\t\t\t<div class=\"elementor-element elementor-element-75b7bcb sc_fly_static elementor-widget elementor-widget-html\" data-id=\"75b7bcb\" data-element_type=\"widget\" data-widget_type=\"html.default\">\n\t\t\t\t<div class=\"elementor-widget-container\">\n\t\t\t\t\t<style>\n    .post_data {\n        text-align: center!important;\n    }\n    .woocommerce-loop-product__title {\n        font-size: 30px!important;\n    }\n    .post-54492 a {\n        font-size: 25px!important;\n    }\n<\/style>\t\t\t\t<\/div>\n\t\t\t\t<\/div>\n\t\t\t\t<div class=\"elementor-element elementor-element-2b1f304 sc_fly_static elementor-widget elementor-widget-spacer\" data-id=\"2b1f304\" data-element_type=\"widget\" data-widget_type=\"spacer.default\">\n\t\t\t\t<div class=\"elementor-widget-container\">\n\t\t\t\t\t\t\t<div class=\"elementor-spacer\">\n\t\t\t<div class=\"elementor-spacer-inner\"><\/div>\n\t\t<\/div>\n\t\t\t\t\t\t<\/div>\n\t\t\t\t<\/div>\n\t\t\t\t\t<\/div>\n\t\t<\/div>\n\t\t\t\t\t<\/div>\n\t\t<\/section>\n\t\t\t\t<section class=\"elementor-section elementor-top-section elementor-element elementor-element-12310ef elementor-section-boxed elementor-section-height-default elementor-section-height-default sc_fly_static\" data-id=\"12310ef\" data-element_type=\"section\">\n\t\t\t\t\t\t<div class=\"elementor-container elementor-column-gap-extended\">\n\t\t\t\t\t<div class=\"elementor-column elementor-col-100 elementor-top-column elementor-element elementor-element-ee68aca sc_content_align_inherit sc_layouts_column_icons_position_left sc_fly_static\" data-id=\"ee68aca\" data-element_type=\"column\">\n\t\t\t<div class=\"elementor-widget-wrap elementor-element-populated\">\n\t\t\t\t\t\t<div class=\"elementor-element elementor-element-99a2f2c sc_fly_static elementor-widget elementor-widget-trx_sc_extended_products\" data-id=\"99a2f2c\" data-element_type=\"widget\" data-widget_type=\"trx_sc_extended_products.default\">\n\t\t\t\t<div class=\"elementor-widget-container\">\n\t\t\t\t\t<div  \n\tclass=\"sc_extended_products sc_extended_products_default\" ><div class=\"sc_extended_products_content sc_item_content\" ><div class=\"woocommerce columns-3\"><ul class=\"products products_style_default columns-3\">\n<li class=\"product type-product post-54492 status-publish first instock product_cat-booking product_cat-non-classe has-post-thumbnail virtual purchasable product-type-simple product_style_default\">\n\t\t\t<div class=\"post_item post_layout_thumbs\"\n\t\t\t\t\t>\n\t\t\t<div class=\"post_featured hover_shop\">\n\t\t\t\t\t\t\t\t<a href=\"https:\/\/hawkobs.space\/en\/product\/pylone-pour-telescope\/\">\n\t\t\t\t<img fetchpriority=\"high\" decoding=\"async\" width=\"630\" height=\"630\" src=\"https:\/\/hawkobs.space\/wp-content\/uploads\/2025\/05\/PYLONE-POUR-TELESCOPE-630x630.jpg\" class=\"attachment-woocommerce_thumbnail size-woocommerce_thumbnail\" alt=\"PYL\u00d4NE POUR T\u00c9LESCOPE\" srcset=\"https:\/\/hawkobs.space\/wp-content\/uploads\/2025\/05\/PYLONE-POUR-TELESCOPE-630x630.jpg 630w, https:\/\/hawkobs.space\/wp-content\/uploads\/2025\/05\/PYLONE-POUR-TELESCOPE-150x150.jpg 150w, https:\/\/hawkobs.space\/wp-content\/uploads\/2025\/05\/PYLONE-POUR-TELESCOPE-120x120.jpg 120w, https:\/\/hawkobs.space\/wp-content\/uploads\/2025\/05\/PYLONE-POUR-TELESCOPE-460x460.jpg 460w, https:\/\/hawkobs.space\/wp-content\/uploads\/2025\/05\/PYLONE-POUR-TELESCOPE-370x370.jpg 370w\" sizes=\"(max-width: 630px) 100vw, 630px\" \/>\t\t\t\t<\/a>\n\t\t\t\t\t\t\t\t\t<div class=\"mask\"><\/div>\n\t\t\t\t\t\t\t\t\t<div class=\"icons\">\n\t\t\t\t\t<div class=\"tinv-wraper woocommerce tinv-wishlist tinvwl-shortcode-add-to-cart tinvwl-loop-button-wrapper tinvwl-woocommerce_before_shop_loop_item_title\"\n\t data-tinvwl_product_id=\"54492\">\n\t<div class=\"tinv-wishlist-clear\"><\/div><a role=\"button\" tabindex=\"0\" name=\"add-to-wishlist\" aria-label=\"Add to Wishlist\" class=\"tinvwl_add_to_wishlist_button tinvwl-icon-heart  tinvwl-position-shortcode tinvwl-loop\" data-tinv-wl-list=\"[]\" data-tinv-wl-product=\"54492\" data-tinv-wl-productvariation=\"0\" data-tinv-wl-productvariations=\"[]\" data-tinv-wl-producttype=\"simple\" data-tinv-wl-action=\"add\"><span class=\"tinvwl_add_to_wishlist-text\">Add to Wishlist<\/span><span class=\"tinvwl_remove_from_wishlist-text\">Remove from Wishlist<\/span><\/a><div class=\"tinv-wishlist-clear\"><\/div>\t\t<div\n\t\tclass=\"tinvwl-tooltip\">Add to Wishlist<\/div>\n<\/div>\n<a rel=\"nofollow\" href=\"\/en\/wp-json\/wp\/v2\/pages\/54889?add-to-cart=54492\" \n\t\t\t\t\t\t\t\t\t\t\t\t\t\t\taria-hidden=\"true\" \n\t\t\t\t\t\t\t\t\t\t\t\t\t\t\tdata-quantity=\"1\" \n\t\t\t\t\t\t\t\t\t\t\t\t\t\t\tdata-product_id=\"54492\"\n\t\t\t\t\t\t\t\t\t\t\t\t\t\t\tdata-product_sku=\"\"\n\t\t\t\t\t\t\t\t\t\t\t\t\t\t\tclass=\"shop_cart icon-shopping-cart button add_to_cart_button product_type_simple product_in_stock ajax_add_to_cart\"><span class=\"icon-anim\"><\/span><\/a>\t\t\t\t\t<a href=\"https:\/\/hawkobs.space\/en\/product\/pylone-pour-telescope\/\" aria-hidden=\"true\" class=\"shop_link\">\n\t\t\t\t\t\t<span class=\"icon-anim\"><\/span>\n\t\t\t\t\t<\/a>\n\t\t\t\t<\/div>\n\t\t\t\t\t\t\t<\/div>\n\t\t\t<div class=\"post_data\">\n\t\t\t\t<div class=\"post_data_inner\">\n\t\t\t\t\t<div class=\"post_header entry-header\">\n\t\t\t\t\t<h2 class=\"woocommerce-loop-product__title\"><a href=\"https:\/\/hawkobs.space\/en\/product\/pylone-pour-telescope\/\">TELESCOPE PYLON<\/a><\/h2>\t\t\t<\/div>\n\t\t\n\t<span class=\"price\">From <div class=\"custom-price\"><div style=\"font-size: 100%; color: #F5F5F5; font-weight:550;\">249\u20ac HT \/ mois<\/div><div style=\"font-size: 80%; color: #D1D1D1; font-weight:450;\">2 662 MAD HT \/ mois<\/div><\/div><\/span>\n<a href=\"\/en\/wp-json\/wp\/v2\/pages\/54889?add-to-cart=54492\" aria-describedby=\"woocommerce_loop_add_to_cart_link_describedby_54492\" data-quantity=\"1\" class=\"button product_type_simple add_to_cart_button ajax_add_to_cart\" data-product_id=\"54492\" data-product_sku=\"\" aria-label=\"Add to cart: \u201cPYL\u00d4NE POUR T\u00c9LESCOPE\u201d\" rel=\"nofollow\" data-success_message=\"\u201cPYL\u00d4NE POUR T\u00c9LESCOPE\u201d has been added to your cart\" data-no-translation-aria-label=\"\" data-no-translation-data-success_message=\"\">Buy now<\/a>\t<span id=\"woocommerce_loop_add_to_cart_link_describedby_54492\" class=\"screen-reader-text\">\n\t\t\t<\/span>\n<div class=\"yith_buttons_wrap\"><a href=\"https:\/\/hawkobs.space\/en\/product\/pylone-pour-telescope\/\" class=\"button custom-view-details\">Nous Contacter<\/a><\/div>\t\t\t\t<\/div>\n\t\t\t<\/div>\n\t\t<\/div>\n\t\t<\/li>\n<li class=\"product type-product post-54114 status-publish instock product_cat-booking product_cat-non-classe has-post-thumbnail virtual purchasable product-type-mwb_booking product_style_default\">\n\t\t\t<div class=\"post_item post_layout_thumbs\"\n\t\t\t\t\t>\n\t\t\t<div class=\"post_featured hover_shop\">\n\t\t\t\t\t\t\t\t<a href=\"https:\/\/hawkobs.space\/en\/product\/h29\/\">\n\t\t\t\t<img decoding=\"async\" width=\"630\" height=\"630\" src=\"https:\/\/hawkobs.space\/wp-content\/uploads\/2025\/03\/H29-3-630x630.jpg\" class=\"attachment-woocommerce_thumbnail size-woocommerce_thumbnail\" alt=\"H29\" srcset=\"https:\/\/hawkobs.space\/wp-content\/uploads\/2025\/03\/H29-3-630x630.jpg 630w, https:\/\/hawkobs.space\/wp-content\/uploads\/2025\/03\/H29-3-150x150.jpg 150w, https:\/\/hawkobs.space\/wp-content\/uploads\/2025\/03\/H29-3-120x120.jpg 120w, https:\/\/hawkobs.space\/wp-content\/uploads\/2025\/03\/H29-3-460x460.jpg 460w, https:\/\/hawkobs.space\/wp-content\/uploads\/2025\/03\/H29-3-370x370.jpg 370w\" sizes=\"(max-width: 630px) 100vw, 630px\" \/>\t\t\t\t<\/a>\n\t\t\t\t\t\t\t\t\t<div class=\"mask\"><\/div>\n\t\t\t\t\t\t\t\t\t<div class=\"icons\">\n\t\t\t\t\t<div class=\"tinv-wraper woocommerce tinv-wishlist tinvwl-shortcode-add-to-cart tinvwl-loop-button-wrapper tinvwl-woocommerce_before_shop_loop_item_title\"\n\t data-tinvwl_product_id=\"54114\">\n\t<div class=\"tinv-wishlist-clear\"><\/div><a role=\"button\" tabindex=\"0\" name=\"add-to-wishlist\" aria-label=\"Add to Wishlist\" class=\"tinvwl_add_to_wishlist_button tinvwl-icon-heart  tinvwl-position-shortcode tinvwl-loop\" data-tinv-wl-list=\"[]\" data-tinv-wl-product=\"54114\" data-tinv-wl-productvariation=\"0\" data-tinv-wl-productvariations=\"[]\" data-tinv-wl-producttype=\"mwb_booking\" data-tinv-wl-action=\"add\"><span class=\"tinvwl_add_to_wishlist-text\">Add to Wishlist<\/span><span class=\"tinvwl_remove_from_wishlist-text\">Remove from Wishlist<\/span><\/a><div class=\"tinv-wishlist-clear\"><\/div>\t\t<div\n\t\tclass=\"tinvwl-tooltip\">Add to Wishlist<\/div>\n<\/div>\n<a rel=\"nofollow\" href=\"https:\/\/hawkobs.space\/en\/product\/h29\/\" \n\t\t\t\t\t\t\t\t\t\t\t\t\t\t\taria-hidden=\"true\" \n\t\t\t\t\t\t\t\t\t\t\t\t\t\t\tdata-quantity=\"1\" \n\t\t\t\t\t\t\t\t\t\t\t\t\t\t\tdata-product_id=\"54114\"\n\t\t\t\t\t\t\t\t\t\t\t\t\t\t\tdata-product_sku=\"\"\n\t\t\t\t\t\t\t\t\t\t\t\t\t\t\tclass=\"shop_cart icon-shopping-cart button add_to_cart_button product_type_mwb_booking product_in_stock\"><span class=\"icon-anim\"><\/span><\/a>\t\t\t\t\t<a href=\"https:\/\/hawkobs.space\/en\/product\/h29\/\" aria-hidden=\"true\" class=\"shop_link\">\n\t\t\t\t\t\t<span class=\"icon-anim\"><\/span>\n\t\t\t\t\t<\/a>\n\t\t\t\t<\/div>\n\t\t\t\t\t\t\t<\/div>\n\t\t\t<div class=\"post_data\">\n\t\t\t\t<div class=\"post_data_inner\">\n\t\t\t\t\t<div class=\"post_header entry-header\">\n\t\t\t\t\t<h2 class=\"woocommerce-loop-product__title\"><a href=\"https:\/\/hawkobs.space\/en\/product\/h29\/\">H29<\/a><\/h2>\t\t\t<\/div>\n\t\t\n\t<span class=\"price\"><div class=\"custom-price\"><div style=\"font-size: 100%; color: #F5F5F5; font-weight:550;\">63\u20ac HT \/ nuit<\/div><div style=\"font-size: 80%; color: #D1D1D1; font-weight:450;\">670 MAD HT \/ nuit<\/div><\/div><\/span>\n<a class=\"button\" href=\"https:\/\/hawkobs.space\/en\/product\/h29\/\">View Details<\/a>\t<span id=\"woocommerce_loop_add_to_cart_link_describedby_54114\" class=\"screen-reader-text\">\n\t\t\t<\/span>\n\t\t\t\t<\/div>\n\t\t\t<\/div>\n\t\t<\/div>\n\t\t<\/li>\n<li class=\"product type-product post-54112 status-publish last instock product_cat-booking product_cat-non-classe has-post-thumbnail virtual purchasable product-type-mwb_booking product_style_default\">\n\t\t\t<div class=\"post_item post_layout_thumbs\"\n\t\t\t\t\t>\n\t\t\t<div class=\"post_featured hover_shop\">\n\t\t\t\t\t\t\t\t<a href=\"https:\/\/hawkobs.space\/en\/product\/h15\/\">\n\t\t\t\t<img decoding=\"async\" width=\"630\" height=\"630\" src=\"https:\/\/hawkobs.space\/wp-content\/uploads\/2025\/03\/H15-630x630.jpg\" class=\"attachment-woocommerce_thumbnail size-woocommerce_thumbnail\" alt=\"H15\" srcset=\"https:\/\/hawkobs.space\/wp-content\/uploads\/2025\/03\/H15-630x630.jpg 630w, https:\/\/hawkobs.space\/wp-content\/uploads\/2025\/03\/H15-150x150.jpg 150w, https:\/\/hawkobs.space\/wp-content\/uploads\/2025\/03\/H15-120x120.jpg 120w, https:\/\/hawkobs.space\/wp-content\/uploads\/2025\/03\/H15-460x460.jpg 460w, https:\/\/hawkobs.space\/wp-content\/uploads\/2025\/03\/H15-370x370.jpg 370w\" sizes=\"(max-width: 630px) 100vw, 630px\" \/>\t\t\t\t<\/a>\n\t\t\t\t\t\t\t\t\t<div class=\"mask\"><\/div>\n\t\t\t\t\t\t\t\t\t<div class=\"icons\">\n\t\t\t\t\t<div class=\"tinv-wraper woocommerce tinv-wishlist tinvwl-shortcode-add-to-cart tinvwl-loop-button-wrapper tinvwl-woocommerce_before_shop_loop_item_title\"\n\t data-tinvwl_product_id=\"54112\">\n\t<div class=\"tinv-wishlist-clear\"><\/div><a role=\"button\" tabindex=\"0\" name=\"add-to-wishlist\" aria-label=\"Add to Wishlist\" class=\"tinvwl_add_to_wishlist_button tinvwl-icon-heart  tinvwl-position-shortcode tinvwl-loop\" data-tinv-wl-list=\"[]\" data-tinv-wl-product=\"54112\" data-tinv-wl-productvariation=\"0\" data-tinv-wl-productvariations=\"[]\" data-tinv-wl-producttype=\"mwb_booking\" data-tinv-wl-action=\"add\"><span class=\"tinvwl_add_to_wishlist-text\">Add to Wishlist<\/span><span class=\"tinvwl_remove_from_wishlist-text\">Remove from Wishlist<\/span><\/a><div class=\"tinv-wishlist-clear\"><\/div>\t\t<div\n\t\tclass=\"tinvwl-tooltip\">Add to Wishlist<\/div>\n<\/div>\n<a rel=\"nofollow\" href=\"https:\/\/hawkobs.space\/en\/product\/h15\/\" \n\t\t\t\t\t\t\t\t\t\t\t\t\t\t\taria-hidden=\"true\" \n\t\t\t\t\t\t\t\t\t\t\t\t\t\t\tdata-quantity=\"1\" \n\t\t\t\t\t\t\t\t\t\t\t\t\t\t\tdata-product_id=\"54112\"\n\t\t\t\t\t\t\t\t\t\t\t\t\t\t\tdata-product_sku=\"\"\n\t\t\t\t\t\t\t\t\t\t\t\t\t\t\tclass=\"shop_cart icon-shopping-cart button add_to_cart_button product_type_mwb_booking product_in_stock\"><span class=\"icon-anim\"><\/span><\/a>\t\t\t\t\t<a href=\"https:\/\/hawkobs.space\/en\/product\/h15\/\" aria-hidden=\"true\" class=\"shop_link\">\n\t\t\t\t\t\t<span class=\"icon-anim\"><\/span>\n\t\t\t\t\t<\/a>\n\t\t\t\t<\/div>\n\t\t\t\t\t\t\t<\/div>\n\t\t\t<div class=\"post_data\">\n\t\t\t\t<div class=\"post_data_inner\">\n\t\t\t\t\t<div class=\"post_header entry-header\">\n\t\t\t\t\t<h2 class=\"woocommerce-loop-product__title\"><a href=\"https:\/\/hawkobs.space\/en\/product\/h15\/\">H15<\/a><\/h2>\t\t\t<\/div>\n\t\t\n\t<span class=\"price\"><div class=\"custom-price\"><div style=\"font-size: 100%; color: #F5F5F5; font-weight:550;\">65\u20ac HT \/ nuit<\/div><div style=\"font-size: 80%; color: #D1D1D1; font-weight:450;\">692 MAD HT \/ nuit<\/div><\/div><\/span>\n<a class=\"button\" href=\"https:\/\/hawkobs.space\/en\/product\/h15\/\">View Details<\/a>\t<span id=\"woocommerce_loop_add_to_cart_link_describedby_54112\" class=\"screen-reader-text\">\n\t\t\t<\/span>\n\t\t\t\t<\/div>\n\t\t\t<\/div>\n\t\t<\/div>\n\t\t<\/li>\n<\/ul>\n<\/div><\/div><\/div>\n\t\t\t\t<\/div>\n\t\t\t\t<\/div>\n\t\t\t\t\t<\/div>\n\t\t<\/div>\n\t\t\t\t\t<\/div>\n\t\t<\/section>\n\t\t\t\t<\/div>","protected":false},"excerpt":{"rendered":"<p>LOCATION Vous cherchez un site d\u2019exception pour installer votre t\u00e9lescope dans des conditions optimales ?Nous proposons \u00e0 la location des pyl\u00f4nes d\u00e9di\u00e9s pour abriter vos \u00e9quipements astronomiques, situ\u00e9 au c\u0153ur&hellip;<\/p>","protected":false},"author":2,"featured_media":0,"parent":0,"menu_order":0,"comment_status":"closed","ping_status":"closed","template":"","meta":{"footnotes":""},"class_list":["post-54889","page","type-page","status-publish","hentry"],"_links":{"self":[{"href":"https:\/\/hawkobs.space\/en\/wp-json\/wp\/v2\/pages\/54889","targetHints":{"allow":["GET"]}}],"collection":[{"href":"https:\/\/hawkobs.space\/en\/wp-json\/wp\/v2\/pages"}],"about":[{"href":"https:\/\/hawkobs.space\/en\/wp-json\/wp\/v2\/types\/page"}],"author":[{"embeddable":true,"href":"https:\/\/hawkobs.space\/en\/wp-json\/wp\/v2\/users\/2"}],"replies":[{"embeddable":true,"href":"https:\/\/hawkobs.space\/en\/wp-json\/wp\/v2\/comments?post=54889"}],"version-history":[{"count":19,"href":"https:\/\/hawkobs.space\/en\/wp-json\/wp\/v2\/pages\/54889\/revisions"}],"predecessor-version":[{"id":55095,"href":"https:\/\/hawkobs.space\/en\/wp-json\/wp\/v2\/pages\/54889\/revisions\/55095"}],"wp:attachment":[{"href":"https:\/\/hawkobs.space\/en\/wp-json\/wp\/v2\/media?parent=54889"}],"curies":[{"name":"wp","href":"https:\/\/api.w.org\/{rel}","templated":true}]}}